{"id":3753,"date":"2018-03-29T08:52:42","date_gmt":"2018-03-29T12:52:42","guid":{"rendered":"http:\/\/108.168.242.202\/~adsdyes\/?page_id=3753"},"modified":"2018-03-29T10:56:47","modified_gmt":"2018-03-29T14:56:47","slug":"contact","status":"publish","type":"page","link":"https:\/\/adsdyes.com\/fr\/contact\/","title":{"rendered":"Contact"},"content":{"rendered":"<p><div class=\"fusion-fullwidth fullwidth-box fusion-builder-row-1 nonhundred-percent-fullwidth non-hundred-percent-height-scrolling\" style=\"--awb-border-radius-top-left:0px;--awb-border-radius-top-right:0px;--awb-border-radius-bottom-right:0px;--awb-border-radius-bottom-left:0px;--awb-flex-wrap:wrap;\" ><div class=\"fusion-builder-row fusion-row\"><div class=\"fusion-layout-column fusion_builder_column fusion-builder-column-0 fusion_builder_column_1_1 1_1 fusion-one-full fusion-column-first fusion-column-last\" style=\"--awb-bg-size:cover;\"><div class=\"fusion-column-wrapper fusion-flex-column-wrapper-legacy\"><div class=\"fusion-text fusion-text-1\"><p>Nous aimons avoir des nouvelles de nos clients. Il vous suffit de nous fournir vos coordonn\u00e9es, vos commentaires ou vos questions, et nous vous r\u00e9pondrons dans les plus brefs d\u00e9lais. Il est possible que vous puissiez trouver la r\u00e9ponse \u00e0 vos interrogations sur notre page <a href=\"http:\/\/108.168.242.202\/~adsdyes\/fr\/foire-aux-questions\/\"><u>Foire aux Questions<\/u><\/a>. Si vous d\u00e9sirez passer une commande, veuillez utiliser le <strong>formulaire s\u00e9curis\u00e9<\/strong> pr\u00e9vu \u00e0 cet effet.<\/p>\n<\/div><div class=\"fusion-clearfix\"><\/div><\/div><\/div><\/div><\/div><div class=\"fusion-fullwidth fullwidth-box fusion-builder-row-2 nonhundred-percent-fullwidth non-hundred-percent-height-scrolling fusion-equal-height-columns\" style=\"--awb-border-radius-top-left:0px;--awb-border-radius-top-right:0px;--awb-border-radius-bottom-right:0px;--awb-border-radius-bottom-left:0px;--awb-flex-wrap:wrap;\" ><div class=\"fusion-builder-row fusion-row\"><div class=\"fusion-layout-column fusion_builder_column fusion-builder-column-1 fusion_builder_column_1_3 1_3 fusion-one-third fusion-column-first\" style=\"--awb-padding-top:10px;--awb-padding-right:10px;--awb-padding-bottom:10px;--awb-padding-left:10px;--awb-bg-color:#607d8b;--awb-bg-color-hover:#607d8b;--awb-bg-size:cover;width:33.333333333333%;width:calc(33.333333333333% - ( ( 4% ) * 0.33333333333333 ) );margin-right: 4%;\"><div class=\"fusion-column-wrapper fusion-flex-column-wrapper-legacy\"><div class=\"fusion-text fusion-text-2\"><p class=\"contenttext\"><span style=\"color: #ffffff;\">Vous pouvez nous contacter aux adresses suivantes ainsi qu\u2019\u00e0 ces num\u00e9ros :<\/span><\/p>\n<p class=\"contenttext\"><span style=\"color: #ffffff;\"><strong>American Dye Source, Inc.<\/strong><\/span><br \/>\n<span class=\"contenttext\" style=\"color: #ffffff;\"> 555 Morgan Boulevard<\/span><\/p>\n<p class=\"contenttext\"><span class=\"contenttext\" style=\"color: #ffffff;\">Baie d&rsquo;Urf\u00e9, Quebec, Canada H9X3T6<br \/>\nT\u00e9l\u00e9phone: +1 (514) 457-0070<br \/>\nFax: +1 (514) 457-0071<br \/>\nCourriel: <a style=\"color: #ffffff;\" href=\"mailto:info@adsdyes.com\">info@adsdyes.com<\/a><\/span><br \/>\n<span style=\"color: #ffffff;\"> Support : <a style=\"color: #ffffff;\" href=\"mailto:techsupport@adsdyes.com\">techsupport@adsdyes.com<\/a><\/span><\/p>\n<\/div><div class=\"fusion-clearfix\"><\/div><\/div><\/div><div class=\"fusion-layout-column fusion_builder_column fusion-builder-column-2 fusion_builder_column_2_3 2_3 fusion-two-third fusion-column-last\" style=\"--awb-bg-size:cover;width:66.666666666667%;width:calc(66.666666666667% - ( ( 4% ) * 0.66666666666667 ) );\"><div class=\"fusion-column-wrapper fusion-flex-column-wrapper-legacy\">\t\t\t\t\t<script type=\"text\/javascript\">\n\t\t\t\t\t\tvar map_fusion_map_69eccedeb33c5;\n\t\t\t\t\t\tvar markers = [];\n\t\t\t\t\t\tvar counter = 0;\n\t\t\t\t\t\t\t\t\t\t\t\t\t\t\t\t\t\t\t\tvar fusionMapNonce = 'ffb55093af';\n\t\t\t\t\t\t\t\t\t\t\t\tfunction fusion_run_map_fusion_map_69eccedeb33c5() {\n\t\t\t\t\t\t\tjQuery('#fusion_map_69eccedeb33c5').fusion_maps({\n\t\t\t\t\t\t\t\taddresses: [{\"address\":\"555 Morgan Boulevard<br \\\/>\\nBaie d'Urf\\u00e9, Quebec, Canada H9X3T6\",\"infobox_content\":\"555 Morgan Boulevard<br \\\/>\\nBaie d'Urf\\u00e9, Quebec, Canada H9X3T6\",\"coordinates\":false,\"cache\":true,\"latitude\":\"45.4241163\",\"longitude\":\"-73.9156198\"}],\n\t\t\t\t\t\t\t\tanimations: false,\n\t\t\t\t\t\t\t\tinfobox_background_color: '',\n\t\t\t\t\t\t\t\tinfobox_styling: 'default',\n\t\t\t\t\t\t\t\tinfobox_text_color: '',\n\t\t\t\t\t\t\t\tmap_style: 'default',\n\t\t\t\t\t\t\t\tmap_type: 'roadmap',\n\t\t\t\t\t\t\t\tmarker_icon: '',\n\t\t\t\t\t\t\t\toverlay_color: '',\n\t\t\t\t\t\t\t\toverlay_color_hsl: {\"hue\":0,\"sat\":0,\"lum\":100},\n\t\t\t\t\t\t\t\tshow_address: true,\n\t\t\t\t\t\t\t\tscale_control: true,\n\t\t\t\t\t\t\t\tscrollwheel: true,\n\t\t\t\t\t\t\t\tzoom: 14,\n\t\t\t\t\t\t\t\tzoom_control: true,\n\t\t\t\t\t\t\t});\n\t\t\t\t\t\t}\n\n\t\t\t\t\t\tgoogle.maps.event.addDomListener(window, 'load', fusion_run_map_fusion_map_69eccedeb33c5);\n\t\t\t\t\t<\/script>\n\t\t\t\t\t<div class=\"shortcode-map fusion-google-map fusion-maps-js-type\" id=\"fusion_map_69eccedeb33c5\"><\/div><div class=\"fusion-clearfix\"><\/div><\/div><\/div><\/div><\/div><div class=\"fusion-fullwidth fullwidth-box fusion-builder-row-3 nonhundred-percent-fullwidth non-hundred-percent-height-scrolling\" style=\"--awb-border-radius-top-left:0px;--awb-border-radius-top-right:0px;--awb-border-radius-bottom-right:0px;--awb-border-radius-bottom-left:0px;--awb-margin-top:50px;--awb-flex-wrap:wrap;\" ><div class=\"fusion-builder-row fusion-row\"><div class=\"fusion-layout-column fusion_builder_column fusion-builder-column-3 fusion_builder_column_1_1 1_1 fusion-one-full fusion-column-first fusion-column-last\" style=\"--awb-bg-size:cover;\"><div class=\"fusion-column-wrapper fusion-flex-column-wrapper-legacy\"><div class=\"fusion-title title fusion-title-1 fusion-sep-none fusion-title-text fusion-title-size-one\"><h1 class=\"fusion-title-heading title-heading-left fusion-responsive-typography-calculated\" style=\"margin:0;--fontSize:28;line-height:1.4;\">Formulaire de contact<\/h1><\/div><div class=\"fusion-text fusion-text-3\">\n<div class=\"wpcf7 no-js\" id=\"wpcf7-f3757-o1\" lang=\"en-US\" dir=\"ltr\" data-wpcf7-id=\"3757\">\n<div class=\"screen-reader-response\"><p role=\"status\" aria-live=\"polite\" aria-atomic=\"true\"><\/p> <ul><\/ul><\/div>\n<form action=\"\/fr\/wp-json\/wp\/v2\/pages\/3753#wpcf7-f3757-o1\" method=\"post\" class=\"wpcf7-form init\" aria-label=\"Contact form\" novalidate=\"novalidate\" data-status=\"init\">\n<fieldset class=\"hidden-fields-container\"><input type=\"hidden\" name=\"_wpcf7\" value=\"3757\" \/><input type=\"hidden\" name=\"_wpcf7_version\" value=\"6.1.5\" \/><input type=\"hidden\" name=\"_wpcf7_locale\" value=\"en_US\" \/><input type=\"hidden\" name=\"_wpcf7_unit_tag\" value=\"wpcf7-f3757-o1\" \/><input type=\"hidden\" name=\"_wpcf7_container_post\" value=\"0\" \/><input type=\"hidden\" name=\"_wpcf7_posted_data_hash\" value=\"\" \/>\n<\/fieldset>\n<p><label> Objet de votre message (requis)<br \/>\n<span class=\"wpcf7-form-control-wrap\" data-name=\"menu-788\"><select class=\"wpcf7-form-control wpcf7-select wpcf7-validates-as-required\" aria-required=\"true\" aria-invalid=\"false\" name=\"menu-788\"><option value=\"Information g\u00e9n\u00e9rale\">Information g\u00e9n\u00e9rale<\/option><option value=\"Assistance technique\">Assistance technique<\/option><\/select><\/span> <\/label>\n<\/p>\n<p><label> Sujet (requis)<br \/>\n<span class=\"wpcf7-form-control-wrap\" data-name=\"Subject\"><input size=\"40\" maxlength=\"400\" class=\"wpcf7-form-control wpcf7-text wpcf7-validates-as-required\" aria-required=\"true\" aria-invalid=\"false\" value=\"\" type=\"text\" name=\"Subject\" \/><\/span> <\/label>\n<\/p>\n<p><label> Courriel (requis)<br \/>\n<span class=\"wpcf7-form-control-wrap\" data-name=\"your-email\"><input size=\"40\" maxlength=\"400\" class=\"wpcf7-form-control wpcf7-email wpcf7-validates-as-required wpcf7-text wpcf7-validates-as-email\" aria-required=\"true\" aria-invalid=\"false\" value=\"\" type=\"email\" name=\"your-email\" \/><\/span> <\/label>\n<\/p>\n<p><label> Nom (requis)<br \/>\n<span class=\"wpcf7-form-control-wrap\" data-name=\"your-name\"><input size=\"40\" maxlength=\"400\" class=\"wpcf7-form-control wpcf7-text wpcf7-validates-as-required\" aria-required=\"true\" aria-invalid=\"false\" value=\"\" type=\"text\" name=\"your-name\" \/><\/span> <\/label>\n<\/p>\n<p><label> Pays (requis)<br \/>\n<span class=\"wpcf7-form-control-wrap\" data-name=\"Country\"><input size=\"40\" maxlength=\"400\" class=\"wpcf7-form-control wpcf7-text wpcf7-validates-as-required\" aria-required=\"true\" aria-invalid=\"false\" value=\"\" type=\"text\" name=\"Country\" \/><\/span> <\/label>\n<\/p>\n<p><label> Nom de compagnie<br \/>\n<span class=\"wpcf7-form-control-wrap\" data-name=\"Companyname\"><input size=\"40\" maxlength=\"400\" class=\"wpcf7-form-control wpcf7-text\" aria-invalid=\"false\" value=\"\" type=\"text\" name=\"Companyname\" \/><\/span> <\/label>\n<\/p>\n<p><span class=\"wpcf7-form-control-wrap\" data-name=\"quiz-599\"><label><span class=\"wpcf7-quiz-label\">18 divis\u00e9 par 2<\/span> <input size=\"40\" class=\"wpcf7-form-control wpcf7-quiz\" autocomplete=\"off\" aria-required=\"true\" aria-invalid=\"false\" type=\"text\" name=\"quiz-599\" \/><\/label><input type=\"hidden\" name=\"_wpcf7_quiz_answer_quiz-599\" value=\"edd22b8c645ebca56d198b14acb06389\" \/><\/span>\n<\/p>\n<p><label> Num\u00e9ro de t\u00e9l\u00e9phone<br \/>\n<span class=\"wpcf7-form-control-wrap\" data-name=\"Phonenumber\"><input size=\"40\" maxlength=\"400\" class=\"wpcf7-form-control wpcf7-tel wpcf7-text wpcf7-validates-as-tel\" aria-invalid=\"false\" value=\"\" type=\"tel\" name=\"Phonenumber\" \/><\/span> <\/label>\n<\/p>\n<p><label> Votre message<br \/>\n<span class=\"wpcf7-form-control-wrap\" data-name=\"your-message\"><textarea cols=\"40\" rows=\"10\" maxlength=\"2000\" class=\"wpcf7-form-control wpcf7-textarea\" aria-invalid=\"false\" name=\"your-message\"><\/textarea><\/span> <\/label>\n<\/p>\n<p><input class=\"wpcf7-form-control wpcf7-submit has-spinner\" type=\"submit\" value=\"ENVOYER\" \/>\n<\/p><p style=\"display: none !important;\" class=\"akismet-fields-container\" data-prefix=\"_wpcf7_ak_\"><label>&#916;<textarea name=\"_wpcf7_ak_hp_textarea\" cols=\"45\" rows=\"8\" maxlength=\"100\"><\/textarea><\/label><input type=\"hidden\" id=\"ak_js_1\" name=\"_wpcf7_ak_js\" value=\"222\"\/><script type=\"text\/javascript\">\n\/* <![CDATA[ *\/\ndocument.getElementById( \"ak_js_1\" ).setAttribute( \"value\", ( new Date() ).getTime() );\n\/* ]]> *\/\n<\/script>\n<\/p><div class=\"fusion-alert alert custom alert-custom fusion-alert-center wpcf7-response-output awb-alert-native-link-color alert-dismissable awb-alert-close-boxed\" style=\"--awb-border-top-left-radius:0px;--awb-border-top-right-radius:0px;--awb-border-bottom-left-radius:0px;--awb-border-bottom-right-radius:0px;\" role=\"alert\"><div class=\"fusion-alert-content-wrapper\"><span class=\"fusion-alert-content\"><\/span><\/div><button type=\"button\" class=\"close toggle-alert\" data-dismiss=\"alert\" aria-label=\"Close\">&times;<\/button><\/div>\n<\/form>\n<\/div>\n\n<\/div><div class=\"fusion-clearfix\"><\/div><\/div><\/div><\/div><\/div><\/p>\n","protected":false},"excerpt":{"rendered":"","protected":false},"author":285,"featured_media":0,"parent":0,"menu_order":0,"comment_status":"closed","ping_status":"closed","template":"100-width.php","meta":{"footnotes":""},"class_list":["post-3753","page","type-page","status-publish","hentry"],"_links":{"self":[{"href":"https:\/\/adsdyes.com\/fr\/wp-json\/wp\/v2\/pages\/3753","targetHints":{"allow":["GET"]}}],"collection":[{"href":"https:\/\/adsdyes.com\/fr\/wp-json\/wp\/v2\/pages"}],"about":[{"href":"https:\/\/adsdyes.com\/fr\/wp-json\/wp\/v2\/types\/page"}],"author":[{"embeddable":true,"href":"https:\/\/adsdyes.com\/fr\/wp-json\/wp\/v2\/users\/285"}],"replies":[{"embeddable":true,"href":"https:\/\/adsdyes.com\/fr\/wp-json\/wp\/v2\/comments?post=3753"}],"version-history":[{"count":0,"href":"https:\/\/adsdyes.com\/fr\/wp-json\/wp\/v2\/pages\/3753\/revisions"}],"wp:attachment":[{"href":"https:\/\/adsdyes.com\/fr\/wp-json\/wp\/v2\/media?parent=3753"}],"curies":[{"name":"wp","href":"https:\/\/api.w.org\/{rel}","templated":true}]}}