{"id":3730,"date":"2018-03-28T16:54:32","date_gmt":"2018-03-28T20:54:32","guid":{"rendered":"http:\/\/108.168.242.202\/~adsdyes\/?page_id=3730"},"modified":"2024-05-24T15:32:48","modified_gmt":"2024-05-24T19:32:48","slug":"home","status":"publish","type":"page","link":"https:\/\/adsdyes.com\/fr\/","title":{"rendered":"Accueil"},"content":{"rendered":"<p><div class=\"fusion-fullwidth fullwidth-box fusion-builder-row-1 nonhundred-percent-fullwidth non-hundred-percent-height-scrolling\" style=\"--awb-border-radius-top-left:0px;--awb-border-radius-top-right:0px;--awb-border-radius-bottom-right:0px;--awb-border-radius-bottom-left:0px;--awb-padding-bottom:-50px;--awb-flex-wrap:wrap;\" ><div class=\"fusion-builder-row fusion-row\"><div class=\"fusion-layout-column fusion_builder_column fusion-builder-column-0 fusion_builder_column_1_1 1_1 fusion-one-full fusion-column-first fusion-column-last\" style=\"--awb-bg-size:cover;\"><div class=\"fusion-column-wrapper fusion-flex-column-wrapper-legacy\"><div class=\"fusion-title title fusion-title-1 fusion-sep-none fusion-title-center fusion-title-text fusion-title-size-one\"><h1 class=\"fusion-title-heading title-heading-center fusion-responsive-typography-calculated\" style=\"margin:0;--fontSize:28;line-height:1.4;\"><p style=\"text-align: center;\">Recherche rapide \u00e0 l\u2019aide du num\u00e9ro CAS (Chemical Abstract Service) ou du nom du produit<\/p><\/h1><\/div><div class=\"fusion-clearfix\"><\/div><\/div><\/div><\/div><\/div><div class=\"fusion-fullwidth fullwidth-box fusion-builder-row-2 nonhundred-percent-fullwidth non-hundred-percent-height-scrolling\" style=\"--awb-border-radius-top-left:0px;--awb-border-radius-top-right:0px;--awb-border-radius-bottom-right:0px;--awb-border-radius-bottom-left:0px;--awb-margin-top:-50px;--awb-flex-wrap:wrap;\" ><div class=\"fusion-builder-row fusion-row\"><div class=\"fusion-layout-column fusion_builder_column fusion-builder-column-1 fusion_builder_column_1_4 1_4 fusion-one-fourth fusion-column-first\" style=\"--awb-bg-size:cover;width:25%;width:calc(25% - ( ( 4% + 4% ) * 0.25 ) );margin-right: 4%;\"><div class=\"fusion-column-wrapper fusion-flex-column-wrapper-legacy\"><div class=\"fusion-clearfix\"><\/div><\/div><\/div><div class=\"fusion-layout-column fusion_builder_column fusion-builder-column-2 fusion_builder_column_1_2 1_2 fusion-one-half\" style=\"--awb-bg-size:cover;width:50%;width:calc(50% - ( ( 4% + 4% ) * 0.5 ) );margin-right: 4%;\"><div class=\"fusion-column-wrapper fusion-flex-column-wrapper-legacy\"><div class=\"fusion-text fusion-text-1\"><p><code><div class=\"aws-container\" data-url=\"\/fr\/?wc-ajax=aws_action\" data-siteurl=\"https:\/\/adsdyes.com\/fr\/\" data-lang=\"fr\" data-show-loader=\"true\" data-show-more=\"false\" data-show-page=\"true\" data-ajax-search=\"true\" data-show-clear=\"true\" data-mobile-screen=\"true\" data-use-analytics=\"true\" data-min-chars=\"3\" data-buttons-order=\"2\" data-timeout=\"300\" data-is-mobile=\"false\" data-page-id=\"0\" data-tax=\"\" ><form class=\"aws-search-form\" action=\"https:\/\/adsdyes.com\/fr\/\" method=\"get\" role=\"search\" ><div class=\"aws-wrapper\"><label class=\"aws-search-label\" for=\"69e73219cd61b\">Recherche<\/label><input type=\"search\" name=\"s\" id=\"69e73219cd61b\" value=\"\" class=\"aws-search-field\" placeholder=\"Recherche\" autocomplete=\"off\" \/><input type=\"hidden\" name=\"post_type\" value=\"product\"><input type=\"hidden\" name=\"type_aws\" value=\"true\"><input type=\"hidden\" name=\"lang\" value=\"fr\"><div class=\"aws-search-clear\"><span>\u00d7<\/span><\/div><div class=\"aws-loader\"><\/div><\/div><div class=\"aws-search-btn aws-form-btn\"><span class=\"aws-search-btn_icon\"><svg focusable=\"false\" xmlns=\"http:\/\/www.w3.org\/2000\/svg\" viewBox=\"0 0 24 24\" width=\"24px\"><path d=\"M15.5 14h-.79l-.28-.27C15.41 12.59 16 11.11 16 9.5 16 5.91 13.09 3 9.5 3S3 5.91 3 9.5 5.91 16 9.5 16c1.61 0 3.09-.59 4.23-1.57l.27.28v.79l5 4.99L20.49 19l-4.99-5zm-6 0C7.01 14 5 11.99 5 9.5S7.01 5 9.5 5 14 7.01 14 9.5 11.99 14 9.5 14z\"><\/path><\/svg><\/span><\/div><\/form><\/div><\/code><\/p>\n<\/div><div class=\"fusion-clearfix\"><\/div><\/div><\/div><div class=\"fusion-layout-column fusion_builder_column fusion-builder-column-3 fusion_builder_column_1_4 1_4 fusion-one-fourth fusion-column-last\" style=\"--awb-bg-size:cover;width:25%;width:calc(25% - ( ( 4% + 4% ) * 0.25 ) );\"><div class=\"fusion-column-wrapper fusion-flex-column-wrapper-legacy\"><div class=\"fusion-clearfix\"><\/div><\/div><\/div><\/div><\/div><div class=\"fusion-fullwidth fullwidth-box fusion-builder-row-3 nonhundred-percent-fullwidth non-hundred-percent-height-scrolling\" style=\"--awb-border-radius-top-left:0px;--awb-border-radius-top-right:0px;--awb-border-radius-bottom-right:0px;--awb-border-radius-bottom-left:0px;--awb-margin-top:50px;--awb-flex-wrap:wrap;\" ><div class=\"fusion-builder-row fusion-row\"><div class=\"fusion-layout-column fusion_builder_column fusion-builder-column-4 fusion_builder_column_1_1 1_1 fusion-one-full fusion-column-first fusion-column-last\" style=\"--awb-bg-size:cover;--awb-margin-bottom:0px;\"><div class=\"fusion-column-wrapper fusion-flex-column-wrapper-legacy\"><div class=\"fusion-title title fusion-title-2 fusion-sep-none fusion-title-center fusion-title-text fusion-title-size-one\"><h1 class=\"fusion-title-heading title-heading-center fusion-responsive-typography-calculated\" style=\"margin:0;--fontSize:28;line-height:1.4;\"><p style=\"text-align: center;\">Le fournisseur par excellence de mat\u00e9riaux innovateurs pour les clients qu\u00e9b\u00e9cois<\/p><\/h1><\/div><div class=\"fusion-text fusion-text-2\"><p style=\"text-align: justify;\">L\u2019\u00e9quipe d\u2019American Dye Source, Inc. s\u2019est m\u00e9rit\u00e9e une r\u00e9putation de chef de file mondial dans le domaine des produits innovateurs de haute qualit\u00e9. Nous desservons le domaine de la recherche biom\u00e9dicale, de l\u2019impression digitale, de l\u2019imagerie laser, des diodes \u00e9mettrices de lumi\u00e8re organique et des cellules solaires organiques. Notre organisation se consacre corps et \u00e2me \u00e0 d\u00e9passer les attentes de nos clients et \u00e0 enrichir la vie de notre famille d\u2019employ\u00e9s. Nous sommes fiers de notre implication dans la protection de l\u2019environnement, et de contribuer \u00e0 enrichir les communaut\u00e9s qu\u00e9b\u00e9coises avec lesquelles nous travaillons, g\u00e9n\u00e9rant par la m\u00eame occasion des profits pour nos investisseurs.<\/p>\n<\/div><div class=\"fusion-clearfix\"><\/div><\/div><\/div><\/div><\/div><div class=\"fusion-fullwidth fullwidth-box fusion-builder-row-4 nonhundred-percent-fullwidth non-hundred-percent-height-scrolling\" style=\"--awb-border-radius-top-left:0px;--awb-border-radius-top-right:0px;--awb-border-radius-bottom-right:0px;--awb-border-radius-bottom-left:0px;--awb-margin-top:50px;--awb-flex-wrap:wrap;\" ><div class=\"fusion-builder-row fusion-row\"><div class=\"fusion-layout-column fusion_builder_column fusion-builder-column-5 fusion_builder_column_1_1 1_1 fusion-one-full fusion-column-first fusion-column-last\" style=\"--awb-bg-size:cover;\"><div class=\"fusion-column-wrapper fusion-flex-column-wrapper-legacy\"><div class=\"fusion-title title fusion-title-3 fusion-sep-none fusion-title-text fusion-title-size-one\"><h1 class=\"fusion-title-heading title-heading-right fusion-responsive-typography-calculated\" style=\"margin:0;--fontSize:28;line-height:1.4;\"><p style=\"text-align: center;\">PRODUITS <i class=\"fb-icon-element-1 fb-icon-element fontawesome-icon fa fa-cart-plus circle-no fusion-text-flow\" style=\"--awb-iconcolor:#5d89ab;--awb-iconcolor-hover:#5d89ab;--awb-circlecolor:rgba(51,51,51,0);--awb-font-size:30px;--awb-margin-right:15px;\"><\/i><\/h1><\/div><div class=\"fusion-text fusion-text-3\"><div class=\"woocommerce columns-4\"><ul class=\"products clearfix products-4\">\n<li class=\"product-category product first product-grid-view\">\n\t<div class=\"fusion-product-wrapper\">\n<a aria-label=\"Acc\u00e9der \u00e0 la cat\u00e9gorie de produits Experimental products\" href=\"https:\/\/adsdyes.com\/fr\/product-category\/experimental-products\/\"><img decoding=\"async\" src=\"https:\/\/adsdyes.com\/wp-content\/uploads\/2022\/04\/experimentation1-500x500.jpg\" alt=\"Experimental products\" width=\"500\" height=\"\" srcset=\"https:\/\/adsdyes.com\/wp-content\/uploads\/2022\/04\/experimentation1-66x66.jpg 66w, https:\/\/adsdyes.com\/wp-content\/uploads\/2022\/04\/experimentation1-100x100.jpg 100w, https:\/\/adsdyes.com\/wp-content\/uploads\/2022\/04\/experimentation1-150x150.jpg 150w, https:\/\/adsdyes.com\/wp-content\/uploads\/2022\/04\/experimentation1-200x200.jpg 200w, https:\/\/adsdyes.com\/wp-content\/uploads\/2022\/04\/experimentation1-300x300.jpg 300w, https:\/\/adsdyes.com\/wp-content\/uploads\/2022\/04\/experimentation1-400x400.jpg 400w, https:\/\/adsdyes.com\/wp-content\/uploads\/2022\/04\/experimentation1-500x500.jpg 500w, https:\/\/adsdyes.com\/wp-content\/uploads\/2022\/04\/experimentation1-600x600.jpg 600w, https:\/\/adsdyes.com\/wp-content\/uploads\/2022\/04\/experimentation1-700x700.jpg 700w, https:\/\/adsdyes.com\/wp-content\/uploads\/2022\/04\/experimentation1-768x768.jpg 768w, https:\/\/adsdyes.com\/wp-content\/uploads\/2022\/04\/experimentation1-800x800.jpg 800w, https:\/\/adsdyes.com\/wp-content\/uploads\/2022\/04\/experimentation1.jpg 917w\" sizes=\"(max-width: 500px) 100vw, 500px\" \/>\t\t<h2 class=\"woocommerce-loop-category__title\">\n\t\t\tExperimental products <mark class=\"count\">(1)<\/mark>\t\t<\/h2>\n\t\t<\/a><\/div>\n<\/li>\n<li class=\"product-category product product-grid-view\">\n\t<div class=\"fusion-product-wrapper\">\n<a aria-label=\"Acc\u00e9der \u00e0 la cat\u00e9gorie de produits Fullerenes\" href=\"https:\/\/adsdyes.com\/fr\/product-category\/fullerenes\/\"><img decoding=\"async\" src=\"https:\/\/adsdyes.com\/wp-content\/uploads\/2018\/01\/fullerenes-500x500.jpg\" alt=\"Fullerenes\" width=\"500\" height=\"\" srcset=\"https:\/\/adsdyes.com\/wp-content\/uploads\/2018\/01\/fullerenes-100x100.jpg 100w, https:\/\/adsdyes.com\/wp-content\/uploads\/2018\/01\/fullerenes-500x500.jpg 500w, https:\/\/adsdyes.com\/wp-content\/uploads\/2018\/01\/fullerenes-700x700.jpg 700w, https:\/\/adsdyes.com\/wp-content\/uploads\/2018\/01\/fullerenes.jpg 900w\" sizes=\"(max-width: 500px) 100vw, 500px\" \/>\t\t<h2 class=\"woocommerce-loop-category__title\">\n\t\t\tFullerenes <mark class=\"count\">(10)<\/mark>\t\t<\/h2>\n\t\t<\/a><\/div>\n<\/li>\n<li class=\"product-category product product-grid-view\">\n\t<div class=\"fusion-product-wrapper\">\n<a aria-label=\"Acc\u00e9der \u00e0 la cat\u00e9gorie de produits Intermediates\" href=\"https:\/\/adsdyes.com\/fr\/product-category\/intermediates\/\"><img decoding=\"async\" src=\"https:\/\/adsdyes.com\/wp-content\/uploads\/2018\/01\/intermediates-500x500.jpg\" alt=\"Intermediates\" width=\"500\" height=\"\" srcset=\"https:\/\/adsdyes.com\/wp-content\/uploads\/2018\/01\/intermediates-100x100.jpg 100w, https:\/\/adsdyes.com\/wp-content\/uploads\/2018\/01\/intermediates-500x500.jpg 500w, https:\/\/adsdyes.com\/wp-content\/uploads\/2018\/01\/intermediates-700x700.jpg 700w, https:\/\/adsdyes.com\/wp-content\/uploads\/2018\/01\/intermediates.jpg 800w\" sizes=\"(max-width: 500px) 100vw, 500px\" \/>\t\t<h2 class=\"woocommerce-loop-category__title\">\n\t\t\tIntermediates <mark class=\"count\">(1)<\/mark>\t\t<\/h2>\n\t\t<\/a><\/div>\n<\/li>\n<li class=\"product-category product last product-grid-view\">\n\t<div class=\"fusion-product-wrapper\">\n<a aria-label=\"Acc\u00e9der \u00e0 la cat\u00e9gorie de produits Laser Dyes\" href=\"https:\/\/adsdyes.com\/fr\/product-category\/laser-dyes-2\/\"><img decoding=\"async\" src=\"https:\/\/adsdyes.com\/wp-content\/uploads\/2018\/01\/laser_dyes.jpg\" alt=\"Laser Dyes\" width=\"500\" height=\"\" srcset=\"https:\/\/adsdyes.com\/wp-content\/uploads\/2018\/01\/laser_dyes-100x100.jpg 100w, https:\/\/adsdyes.com\/wp-content\/uploads\/2018\/01\/laser_dyes.jpg 369w\" sizes=\"(max-width: 369px) 100vw, 369px\" \/>\t\t<h2 class=\"woocommerce-loop-category__title\">\n\t\t\tLaser Dyes <mark class=\"count\">(10)<\/mark>\t\t<\/h2>\n\t\t<\/a><\/div>\n<\/li>\n<li class=\"product-category product first product-grid-view\">\n\t<div class=\"fusion-product-wrapper\">\n<a aria-label=\"Acc\u00e9der \u00e0 la cat\u00e9gorie de produits NIR Dyes\" href=\"https:\/\/adsdyes.com\/fr\/product-category\/nir_dyes\/\"><img decoding=\"async\" src=\"https:\/\/adsdyes.com\/wp-content\/uploads\/2018\/01\/NIR_dyes-500x500.jpg\" alt=\"NIR Dyes\" width=\"500\" height=\"\" srcset=\"https:\/\/adsdyes.com\/wp-content\/uploads\/2018\/01\/NIR_dyes-100x100.jpg 100w, https:\/\/adsdyes.com\/wp-content\/uploads\/2018\/01\/NIR_dyes-500x500.jpg 500w, https:\/\/adsdyes.com\/wp-content\/uploads\/2018\/01\/NIR_dyes.jpg 680w\" sizes=\"(max-width: 500px) 100vw, 500px\" \/>\t\t<h2 class=\"woocommerce-loop-category__title\">\n\t\t\tNIR Dyes <mark class=\"count\">(19)<\/mark>\t\t<\/h2>\n\t\t<\/a><\/div>\n<\/li>\n<li class=\"product-category product product-grid-view\">\n\t<div class=\"fusion-product-wrapper\">\n<a aria-label=\"Acc\u00e9der \u00e0 la cat\u00e9gorie de produits OLED &amp; PLED\" href=\"https:\/\/adsdyes.com\/fr\/product-category\/oled-pled\/\"><img decoding=\"async\" src=\"https:\/\/adsdyes.com\/wp-content\/uploads\/2018\/01\/oledmain.jpg\" alt=\"OLED &amp; PLED\" width=\"500\" height=\"\" srcset=\"https:\/\/adsdyes.com\/wp-content\/uploads\/2018\/01\/oledmain-100x100.jpg 100w, https:\/\/adsdyes.com\/wp-content\/uploads\/2018\/01\/oledmain.jpg 381w\" sizes=\"(max-width: 381px) 100vw, 381px\" \/>\t\t<h2 class=\"woocommerce-loop-category__title\">\n\t\t\tOLED &amp; PLED <mark class=\"count\">(99)<\/mark>\t\t<\/h2>\n\t\t<\/a><\/div>\n<\/li>\n<li class=\"product-category product product-grid-view\">\n\t<div class=\"fusion-product-wrapper\">\n<a aria-label=\"Acc\u00e9der \u00e0 la cat\u00e9gorie de produits Polyaniline and Derivatives\" href=\"https:\/\/adsdyes.com\/fr\/product-category\/polyaniline-and-derivatives\/\"><img decoding=\"async\" src=\"https:\/\/adsdyes.com\/wp-content\/uploads\/2018\/01\/polyaniline.jpg\" alt=\"Polyaniline and Derivatives\" width=\"500\" height=\"\" srcset=\"https:\/\/adsdyes.com\/wp-content\/uploads\/2018\/01\/polyaniline-100x100.jpg 100w, https:\/\/adsdyes.com\/wp-content\/uploads\/2018\/01\/polyaniline.jpg 282w\" sizes=\"(max-width: 282px) 100vw, 282px\" \/>\t\t<h2 class=\"woocommerce-loop-category__title\">\n\t\t\tPolyaniline and Derivatives <mark class=\"count\">(8)<\/mark>\t\t<\/h2>\n\t\t<\/a><\/div>\n<\/li>\n<li class=\"product-category product last product-grid-view\">\n\t<div class=\"fusion-product-wrapper\">\n<a aria-label=\"Acc\u00e9der \u00e0 la cat\u00e9gorie de produits Polythiophene\" href=\"https:\/\/adsdyes.com\/fr\/product-category\/polythiophene\/\"><img decoding=\"async\" src=\"https:\/\/adsdyes.com\/wp-content\/uploads\/2018\/04\/solarpanels.png\" alt=\"Polythiophene\" width=\"500\" height=\"\" srcset=\"https:\/\/adsdyes.com\/wp-content\/uploads\/2018\/04\/solarpanels-100x100.png 100w, https:\/\/adsdyes.com\/wp-content\/uploads\/2018\/04\/solarpanels.png 454w\" sizes=\"(max-width: 454px) 100vw, 454px\" \/>\t\t<h2 class=\"woocommerce-loop-category__title\">\n\t\t\tPolythiophene <mark class=\"count\">(16)<\/mark>\t\t<\/h2>\n\t\t<\/a><\/div>\n<\/li>\n<\/ul>\n<\/div>\n<\/div><div class=\"fusion-clearfix\"><\/div><\/div><\/div><\/div><\/div><div class=\"fusion-fullwidth fullwidth-box fusion-builder-row-5 nonhundred-percent-fullwidth non-hundred-percent-height-scrolling\" style=\"--awb-border-radius-top-left:0px;--awb-border-radius-top-right:0px;--awb-border-radius-bottom-right:0px;--awb-border-radius-bottom-left:0px;--awb-flex-wrap:wrap;\" ><div class=\"fusion-builder-row fusion-row\"><div class=\"fusion-layout-column fusion_builder_column fusion-builder-column-6 fusion_builder_column_1_1 1_1 fusion-one-full fusion-column-first fusion-column-last\" style=\"--awb-bg-size:cover;--awb-margin-bottom:0px;\"><div class=\"fusion-column-wrapper fusion-flex-column-wrapper-legacy\"><div class=\"fusion-text fusion-text-4\"><p>&nbsp;<\/p>\n<\/div><div class=\"fusion-clearfix\"><\/div><\/div><\/div><\/div><\/div><\/p>\n","protected":false},"excerpt":{"rendered":"","protected":false},"author":285,"featured_media":0,"parent":0,"menu_order":0,"comment_status":"closed","ping_status":"closed","template":"","meta":{"footnotes":""},"class_list":["post-3730","page","type-page","status-publish","hentry"],"_links":{"self":[{"href":"https:\/\/adsdyes.com\/fr\/wp-json\/wp\/v2\/pages\/3730","targetHints":{"allow":["GET"]}}],"collection":[{"href":"https:\/\/adsdyes.com\/fr\/wp-json\/wp\/v2\/pages"}],"about":[{"href":"https:\/\/adsdyes.com\/fr\/wp-json\/wp\/v2\/types\/page"}],"author":[{"embeddable":true,"href":"https:\/\/adsdyes.com\/fr\/wp-json\/wp\/v2\/users\/285"}],"replies":[{"embeddable":true,"href":"https:\/\/adsdyes.com\/fr\/wp-json\/wp\/v2\/comments?post=3730"}],"version-history":[{"count":1,"href":"https:\/\/adsdyes.com\/fr\/wp-json\/wp\/v2\/pages\/3730\/revisions"}],"predecessor-version":[{"id":6989,"href":"https:\/\/adsdyes.com\/fr\/wp-json\/wp\/v2\/pages\/3730\/revisions\/6989"}],"wp:attachment":[{"href":"https:\/\/adsdyes.com\/fr\/wp-json\/wp\/v2\/media?parent=3730"}],"curies":[{"name":"wp","href":"https:\/\/api.w.org\/{rel}","templated":true}]}}